{"id":735,"date":"2025-07-28T14:53:55","date_gmt":"2025-07-28T14:53:55","guid":{"rendered":"https:\/\/galenosros.com.ar\/?post_type=product&#038;p=735"},"modified":"2025-08-15T22:56:46","modified_gmt":"2025-08-15T22:56:46","slug":"is-2300","status":"publish","type":"product","link":"https:\/\/galenosros.com.ar\/?product=is-2300","title":{"rendered":"IS 2300"},"content":{"rendered":"<p>[et_pb_section fb_built=\u00bb1&#8243; _builder_version=\u00bb4.16&#8243; custom_padding=\u00bb0px||||false|false\u00bb global_colors_info=\u00bb{}\u00bb][et_pb_row _builder_version=\u00bb4.27.4&#8243; background_size=\u00bbinitial\u00bb background_position=\u00bbtop_left\u00bb background_repeat=\u00bbrepeat\u00bb width=\u00bb100%\u00bb custom_padding=\u00bb15px||0px||false|false\u00bb global_colors_info=\u00bb{}\u00bb][et_pb_column type=\u00bb4_4&#8243; _builder_version=\u00bb4.16&#8243; custom_padding=\u00bb|||\u00bb global_colors_info=\u00bb{}\u00bb custom_padding__hover=\u00bb|||\u00bb][et_pb_wc_breadcrumb _builder_version=\u00bb4.16&#8243; global_colors_info=\u00bb{}\u00bb][\/et_pb_wc_breadcrumb][\/et_pb_column][\/et_pb_row][et_pb_row column_structure=\u00bb1_2,1_2&#8243; _builder_version=\u00bb4.16&#8243; background_size=\u00bbinitial\u00bb background_position=\u00bbtop_left\u00bb background_repeat=\u00bbrepeat\u00bb width=\u00bb100%\u00bb custom_padding=\u00bb0px||||false|false\u00bb global_colors_info=\u00bb{}\u00bb][et_pb_column type=\u00bb1_2&#8243; _builder_version=\u00bb4.16&#8243; custom_padding=\u00bb|||\u00bb global_colors_info=\u00bb{}\u00bb custom_padding__hover=\u00bb|||\u00bb][et_pb_wc_images _builder_version=\u00bb4.16&#8243; global_colors_info=\u00bb{}\u00bb][\/et_pb_wc_images][\/et_pb_column][et_pb_column type=\u00bb1_2&#8243; _builder_version=\u00bb4.16&#8243; custom_padding=\u00bb|||\u00bb global_colors_info=\u00bb{}\u00bb custom_padding__hover=\u00bb|||\u00bb][et_pb_wc_title _builder_version=\u00bb4.16&#8243; global_colors_info=\u00bb{}\u00bb][\/et_pb_wc_title][et_pb_wc_price _builder_version=\u00bb4.16&#8243; global_colors_info=\u00bb{}\u00bb][\/et_pb_wc_price][et_pb_contact_form email=\u00bbinfo@galenosros.com.ar\u00bb title=\u00bbConsultas\u00bb success_message=\u00bbse mensaje fue enviado con \u00e9xito\u00bb _builder_version=\u00bb4.27.4&#8243; _module_preset=\u00bbdefault\u00bb _unique_id=\u00bb3b4d5e04-19ca-46a8-8439-6e0510f8f38a\u00bb custom_button=\u00bbon\u00bb button_text_color=\u00bb#FFFFFF\u00bb button_bg_color=\u00bb#009395&#8243; button_border_width=\u00bb2px\u00bb button_border_radius=\u00bb6px\u00bb global_module=\u00bb297&#8243; global_colors_info=\u00bb{}\u00bb][et_pb_contact_field field_id=\u00bbName\u00bb field_title=\u00bbNombre\u00bb _builder_version=\u00bb4.16&#8243; global_colors_info=\u00bb{}\u00bb button_text_size__hover_enabled=\u00bboff\u00bb button_one_text_size__hover_enabled=\u00bboff\u00bb button_two_text_size__hover_enabled=\u00bboff\u00bb button_text_color__hover_enabled=\u00bboff\u00bb button_one_text_color__hover_enabled=\u00bboff\u00bb button_two_text_color__hover_enabled=\u00bboff\u00bb button_border_width__hover_enabled=\u00bboff\u00bb button_one_border_width__hover_enabled=\u00bboff\u00bb button_two_border_width__hover_enabled=\u00bboff\u00bb button_border_color__hover_enabled=\u00bboff\u00bb button_one_border_color__hover_enabled=\u00bboff\u00bb button_two_border_color__hover_enabled=\u00bboff\u00bb button_border_radius__hover_enabled=\u00bboff\u00bb button_one_border_radius__hover_enabled=\u00bboff\u00bb button_two_border_radius__hover_enabled=\u00bboff\u00bb button_letter_spacing__hover_enabled=\u00bboff\u00bb button_one_letter_spacing__hover_enabled=\u00bboff\u00bb button_two_letter_spacing__hover_enabled=\u00bboff\u00bb button_bg_color__hover_enabled=\u00bboff\u00bb button_one_bg_color__hover_enabled=\u00bboff\u00bb button_two_bg_color__hover_enabled=\u00bboff\u00bb][\/et_pb_contact_field][et_pb_contact_field field_id=\u00bbEmail\u00bb field_title=\u00bbDirecci\u00f3n de correo electr\u00f3nico\u00bb field_type=\u00bbemail\u00bb _builder_version=\u00bb4.16&#8243; global_colors_info=\u00bb{}\u00bb button_text_size__hover_enabled=\u00bboff\u00bb button_one_text_size__hover_enabled=\u00bboff\u00bb button_two_text_size__hover_enabled=\u00bboff\u00bb button_text_color__hover_enabled=\u00bboff\u00bb button_one_text_color__hover_enabled=\u00bboff\u00bb button_two_text_color__hover_enabled=\u00bboff\u00bb button_border_width__hover_enabled=\u00bboff\u00bb button_one_border_width__hover_enabled=\u00bboff\u00bb button_two_border_width__hover_enabled=\u00bboff\u00bb button_border_color__hover_enabled=\u00bboff\u00bb button_one_border_color__hover_enabled=\u00bboff\u00bb button_two_border_color__hover_enabled=\u00bboff\u00bb button_border_radius__hover_enabled=\u00bboff\u00bb button_one_border_radius__hover_enabled=\u00bboff\u00bb button_two_border_radius__hover_enabled=\u00bboff\u00bb button_letter_spacing__hover_enabled=\u00bboff\u00bb button_one_letter_spacing__hover_enabled=\u00bboff\u00bb button_two_letter_spacing__hover_enabled=\u00bboff\u00bb button_bg_color__hover_enabled=\u00bboff\u00bb button_one_bg_color__hover_enabled=\u00bboff\u00bb button_two_bg_color__hover_enabled=\u00bboff\u00bb][\/et_pb_contact_field][et_pb_contact_field field_id=\u00bbMessage\u00bb field_title=\u00bbMensaje\u00bb field_type=\u00bbtext\u00bb fullwidth_field=\u00bbon\u00bb _builder_version=\u00bb4.16&#8243; global_colors_info=\u00bb{}\u00bb button_text_size__hover_enabled=\u00bboff\u00bb button_one_text_size__hover_enabled=\u00bboff\u00bb button_two_text_size__hover_enabled=\u00bboff\u00bb button_text_color__hover_enabled=\u00bboff\u00bb button_one_text_color__hover_enabled=\u00bboff\u00bb button_two_text_color__hover_enabled=\u00bboff\u00bb button_border_width__hover_enabled=\u00bboff\u00bb button_one_border_width__hover_enabled=\u00bboff\u00bb button_two_border_width__hover_enabled=\u00bboff\u00bb button_border_color__hover_enabled=\u00bboff\u00bb button_one_border_color__hover_enabled=\u00bboff\u00bb button_two_border_color__hover_enabled=\u00bboff\u00bb button_border_radius__hover_enabled=\u00bboff\u00bb button_one_border_radius__hover_enabled=\u00bboff\u00bb button_two_border_radius__hover_enabled=\u00bboff\u00bb button_letter_spacing__hover_enabled=\u00bboff\u00bb button_one_letter_spacing__hover_enabled=\u00bboff\u00bb button_two_letter_spacing__hover_enabled=\u00bboff\u00bb button_bg_color__hover_enabled=\u00bboff\u00bb button_one_bg_color__hover_enabled=\u00bboff\u00bb button_two_bg_color__hover_enabled=\u00bboff\u00bb][\/et_pb_contact_field][\/et_pb_contact_form][et_pb_wc_add_to_cart _builder_version=\u00bb4.16&#8243; global_colors_info=\u00bb{}\u00bb][\/et_pb_wc_add_to_cart][et_pb_wc_meta show_tags=\u00bboff\u00bb _builder_version=\u00bb4.27.4&#8243; global_colors_info=\u00bb{}\u00bb][\/et_pb_wc_meta][\/et_pb_column][\/et_pb_row][et_pb_row _builder_version=\u00bb4.16&#8243; background_size=\u00bbinitial\u00bb background_position=\u00bbtop_left\u00bb background_repeat=\u00bbrepeat\u00bb width=\u00bb100%\u00bb global_colors_info=\u00bb{}\u00bb][et_pb_column type=\u00bb4_4&#8243; _builder_version=\u00bb4.16&#8243; custom_padding=\u00bb|||\u00bb global_colors_info=\u00bb{}\u00bb custom_padding__hover=\u00bb|||\u00bb][et_pb_wc_tabs include_tabs=\u00bbdescription|\u00bb _builder_version=\u00bb4.27.4&#8243; global_colors_info=\u00bb{}\u00bb]\t\t\t\t\t[\/et_pb_wc_tabs][et_pb_wc_upsells _builder_version=\u00bb4.16&#8243; global_colors_info=\u00bb{}\u00bb][\/et_pb_wc_upsells][et_pb_wc_related_products _builder_version=\u00bb4.16&#8243; global_colors_info=\u00bb{}\u00bb][\/et_pb_wc_related_products][\/et_pb_column][\/et_pb_row][\/et_pb_section]<\/p>\n","protected":false},"excerpt":{"rendered":"","protected":false},"featured_media":736,"comment_status":"open","ping_status":"closed","template":"","meta":{"_et_pb_use_builder":"on","_et_pb_old_content":"<article class=\"article-icon-entry av-iconlist-empty\">\r\n<div class=\"iconlist_content_wrap\"><header class=\"entry-content-header\" aria-label=\"Icon: Uso Veterinario\">\r\n<div id=\"portfolioModal1\" class=\"portfolio-modal modal fade show\" role=\"dialog\">\r\n<div class=\"modal-dialog\">\r\n<div class=\"modal-content\">\r\n<div class=\"container\">\r\n<div class=\"row justify-content-center\">\r\n<div class=\"col-lg-8\">\r\n<div class=\"modal-body\">\r\n<div id=\"portfolioModal2\" class=\"portfolio-modal modal fade show\" role=\"dialog\">\r\n<div class=\"modal-dialog\">\r\n<div class=\"modal-content\">\r\n<div class=\"container\">\r\n<div class=\"row justify-content-center\">\r\n<div class=\"col-lg-8\">\r\n<div class=\"modal-body\">\r\n\r\n<strong>El IS 2300 es una estufa de esterilizaci\u00f3n y secado por calor seco, de instrumental quir\u00fargico, m\u00e9dico y odontol\u00f3gico.<\/strong>\r\n<p align=\"justify\">La esterilizaci\u00f3n por calor seco es el proceso indicado para materiales como instrumental quir\u00fargico, vidrio, entre otros. La modalidad en la que el IS 2300 basa su acci\u00f3n es el aumento de temperatura a presi\u00f3n atmosf\u00e9rica, produci\u00e9ndose la esterilizaci\u00f3n luego de alcanzadas las temperaturas y tiempos de exposici\u00f3n recomendados. Los art\u00edculos a ser esterilizados, deben ser previamente lavados, enjuagados con agua y descontaminados.<\/p>\r\n<p align=\"justify\"><\/p>\r\n\r\n<ul class=\"list-inline\">\r\n \t<li><strong>Tipo de Protecci\u00f3n frente a descargas el\u00e9ctricas:<\/strong>\u00a0Clase I<\/li>\r\n \t<li><strong>Protecci\u00f3n contra ingreso de agua:<\/strong>\u00a0Sin protecci\u00f3n, IPX0<\/li>\r\n \t<li><strong>M\u00e9todo de esterilizaci\u00f3n:<\/strong>\u00a0No requiere<\/li>\r\n \t<li><strong>Modo de funcionamiento:<\/strong>\u00a0Continuo<\/li>\r\n \t<li><strong>33-I \/ 33-H \/ HD-F3 \/ ID-F3:<\/strong>\u00a0MEDIDAS EXT.: 47 x 50 x 34 cm \/ VOLUMEN INT.: 20 l \/ ALIMENTACI\u00d3N: 220 V ~ 450 W \/<\/li>\r\n \t<li><strong>45-I \/ 45-H \/ HD-F6 \/ ID-F6:<\/strong>\u00a0MEDIDAS EXT.: 59 x 55 x 40 cm \/ VOLUMEN INT.: 40 l \/ ALIMENTACI\u00d3N: 220 V ~ 900 W \/<\/li>\r\n \t<li><strong>60-I \/ 60-H \/ 60-IF \/ 60-HF:<\/strong>\u00a0MEDIDAS EXT.: 74 x 65 x 53 cm \/ VOLUMEN INT.: 96 l \/ ALIMENTACI\u00d3N: 220 V ~ 1100 W \/<\/li>\r\n \t<li><strong>70-I \/ 70-H \/ 70-IF \/ 70-HF:<\/strong>\u00a0MEDIDAS EXT.: 84 x 75 x 63 cm \/ VOLUMEN INT.: 175 l \/ ALIMENTACI\u00d3N: 220 V ~ 1800 W \/<\/li>\r\n \t<li><strong>Frecuencia de alimentaci\u00f3n:<\/strong>\u00a050\/60 Hz<\/li>\r\n \t<li><strong>Clasificaci\u00f3n seg\u00fan Disposici\u00f3n ANMAT N\u00ba2318\/02:<\/strong>\u00a0Clase 2<\/li>\r\n \t<li><strong>Salida RS232 conexi\u00f3n a impresora:<\/strong>\u00a0Opcional en todos los modelos<\/li>\r\n \t<li><strong>Impresora alfanum\u00e9rica:<\/strong>\u00a0Opcional en todos los modelos<\/li>\r\n<\/ul>\r\n<\/div>\r\n<\/div>\r\n<\/div>\r\n<\/div>\r\n<\/div>\r\n<\/div>\r\n<\/div>\r\n<\/div>\r\n<\/div>\r\n<\/div>\r\n<\/div>\r\n<\/div>\r\n<\/div>\r\n<\/div>\r\n<\/header><\/div>\r\n<\/article>","_et_gb_content_width":"","_joinchat":[]},"product_brand":[237],"product_cat":[238],"product_tag":[171,249,248,239,50,51,247,241,32],"class_list":{"0":"post-735","1":"product","2":"type-product","3":"status-publish","4":"has-post-thumbnail","6":"product_brand-faeta","7":"product_cat-equipos-para-laboratorio","8":"product_tag-equipo","9":"product_tag-esterilizacion","10":"product_tag-estufa","11":"product_tag-faeta","12":"product_tag-galenos","13":"product_tag-galenosim","14":"product_tag-is-2300","15":"product_tag-medico","16":"product_tag-rosario","18":"first","19":"instock","20":"featured","21":"shipping-taxable","22":"product-type-simple"},"_links":{"self":[{"href":"https:\/\/galenosros.com.ar\/index.php?rest_route=\/wp\/v2\/product\/735","targetHints":{"allow":["GET"]}}],"collection":[{"href":"https:\/\/galenosros.com.ar\/index.php?rest_route=\/wp\/v2\/product"}],"about":[{"href":"https:\/\/galenosros.com.ar\/index.php?rest_route=\/wp\/v2\/types\/product"}],"replies":[{"embeddable":true,"href":"https:\/\/galenosros.com.ar\/index.php?rest_route=%2Fwp%2Fv2%2Fcomments&post=735"}],"wp:featuredmedia":[{"embeddable":true,"href":"https:\/\/galenosros.com.ar\/index.php?rest_route=\/wp\/v2\/media\/736"}],"wp:attachment":[{"href":"https:\/\/galenosros.com.ar\/index.php?rest_route=%2Fwp%2Fv2%2Fmedia&parent=735"}],"wp:term":[{"taxonomy":"product_brand","embeddable":true,"href":"https:\/\/galenosros.com.ar\/index.php?rest_route=%2Fwp%2Fv2%2Fproduct_brand&post=735"},{"taxonomy":"product_cat","embeddable":true,"href":"https:\/\/galenosros.com.ar\/index.php?rest_route=%2Fwp%2Fv2%2Fproduct_cat&post=735"},{"taxonomy":"product_tag","embeddable":true,"href":"https:\/\/galenosros.com.ar\/index.php?rest_route=%2Fwp%2Fv2%2Fproduct_tag&post=735"}],"curies":[{"name":"wp","href":"https:\/\/api.w.org\/{rel}","templated":true}]}}